{"id":4977,"date":"2020-11-06T20:48:26","date_gmt":"2020-11-06T18:48:26","guid":{"rendered":"https:\/\/www.instatec.fi\/?page_id=4977"},"modified":"2026-01-18T11:22:34","modified_gmt":"2026-01-18T09:22:34","slug":"sisailmatutkimukset","status":"publish","type":"page","link":"https:\/\/www.instatec.fi\/index.php\/etusivu\/rakentamisen-tukipalvelut\/sisailmatutkimukset\/","title":{"rendered":"Sis\u00e4ilmatutkimukset"},"content":{"rendered":"<div id=\"pl-4977\"  class=\"panel-layout\" ><div id=\"pg-4977-0\"  class=\"panel-grid panel-has-style\" ><div style=\"padding: 0px 0; \" data-overlay=\"true\" data-overlay-color=\"#000000\" class=\"panel-row-style panel-row-style-for-4977-0\" ><div id=\"pgc-4977-0-0\"  class=\"panel-grid-cell panel-grid-cell-empty\" ><\/div><\/div><\/div><div id=\"pg-4977-1\"  class=\"panel-grid panel-has-style\" ><div style=\"padding: 40px 0; \" data-overlay=\"true\" data-overlay-color=\"#000000\" class=\"panel-row-style panel-row-style-for-4977-1\" ><div id=\"pgc-4977-1-0\"  class=\"panel-grid-cell\" ><div id=\"panel-4977-1-0-0\" class=\"so-panel widget widget_sow-editor panel-first-child panel-last-child\" data-index=\"0\" ><div style=\"text-align: left;\" data-title-color=\"#443f3f\" data-headings-color=\"#443f3f\" class=\"panel-widget-style panel-widget-style-for-4977-1-0-0\" ><div\n\t\t\t\n\t\t\tclass=\"so-widget-sow-editor so-widget-sow-editor-base\"\n\t\t\t\n\t\t>\n<div class=\"siteorigin-widget-tinymce textwidget\">\n\t<h4><\/h4>\n<h3 data-start=\"327\" data-end=\"387\">Sis\u00e4ilmatutkimukset \u2013 p\u00e4\u00e4t\u00f6ksenteon ja korjausten tueksi<\/h3>\n<p data-start=\"389\" data-end=\"720\">Sis\u00e4ilmatutkimusten tarkoituksena on tuottaa luotettava ja kokonaisvaltainen tilannekuva rakennuksen sis\u00e4ilman laatuun vaikuttavista tekij\u00f6ist\u00e4. Tutkimusten avulla tunnistetaan mahdolliset sis\u00e4ilmaongelmien syyt ja luodaan teknisesti perusteltu l\u00e4ht\u00f6kohta jatkotoimenpiteille, kuten korjaussuunnittelulle ja investointip\u00e4\u00e4t\u00f6ksille.<\/p>\n<p data-start=\"722\" data-end=\"1015\">Tutkimukset toteutetaan vaiheittain ja kohdekohtaisesti. Ne perustuvat rakennuksen taustatietoihin, asiantuntijahavaintoihin, rakenteellisiin selvityksiin sek\u00e4 tarvittaessa mittauksiin ja n\u00e4ytteenottoihin. L\u00e4hestymistavan tavoitteena on kustannustehokkuus ja oikea-aikainen tiedon tuottaminen.<\/p>\n<p data-start=\"1017\" data-end=\"1082\">Tutkimusten tuloksena laaditaan selke\u00e4 raportti, jossa esitet\u00e4\u00e4n:<\/p>\n<ul data-start=\"1083\" data-end=\"1281\">\n<li data-start=\"1083\" data-end=\"1121\">\n<p data-start=\"1085\" data-end=\"1121\">havaitut vauriot ja riskirakenteet<\/p>\n<\/li>\n<li data-start=\"1122\" data-end=\"1170\">\n<p data-start=\"1124\" data-end=\"1170\">arvio niiden merkityksest\u00e4 sis\u00e4ilman laatuun<\/p>\n<\/li>\n<li data-start=\"1171\" data-end=\"1221\">\n<p data-start=\"1173\" data-end=\"1221\">johtop\u00e4\u00e4t\u00f6kset todenn\u00e4k\u00f6isist\u00e4 haittal\u00e4hteist\u00e4<\/p>\n<\/li>\n<li data-start=\"1222\" data-end=\"1281\">\n<p data-start=\"1224\" data-end=\"1281\">suositukset jatkotutkimuksista ja korjaustoimenpiteist\u00e4<\/p>\n<\/li>\n<\/ul>\n<p data-start=\"1283\" data-end=\"1445\">Sis\u00e4ilmatutkimukset auttavat kohdentamaan korjaukset oikein, hallitsemaan riskej\u00e4 ja varmistamaan rakennuksen terveellisyyden, k\u00e4ytett\u00e4vyyden ja arvon s\u00e4ilymisen.<\/p>\n<\/div>\n<\/div><\/div><\/div><\/div><div id=\"pgc-4977-1-1\"  class=\"panel-grid-cell\" ><div id=\"panel-4977-1-1-0\" class=\"so-panel widget widget_media_image panel-first-child\" data-index=\"1\" ><div style=\"text-align: left;\" data-title-color=\"#443f3f\" data-headings-color=\"#443f3f\" class=\"panel-widget-style panel-widget-style-for-4977-1-1-0\" ><img width=\"960\" height=\"720\" src=\"https:\/\/www.instatec.fi\/wp-content\/uploads\/2020\/11\/12143180_959775564068613_3923625851954708025_n-1.jpg\" class=\"image wp-image-5031  attachment-full size-full\" alt=\"\" loading=\"lazy\" style=\"max-width: 100%; height: auto;\" srcset=\"https:\/\/www.instatec.fi\/wp-content\/uploads\/2020\/11\/12143180_959775564068613_3923625851954708025_n-1.jpg 960w, https:\/\/www.instatec.fi\/wp-content\/uploads\/2020\/11\/12143180_959775564068613_3923625851954708025_n-1-300x225.jpg 300w, https:\/\/www.instatec.fi\/wp-content\/uploads\/2020\/11\/12143180_959775564068613_3923625851954708025_n-1-768x576.jpg 768w, https:\/\/www.instatec.fi\/wp-content\/uploads\/2020\/11\/12143180_959775564068613_3923625851954708025_n-1-830x623.jpg 830w, https:\/\/www.instatec.fi\/wp-content\/uploads\/2020\/11\/12143180_959775564068613_3923625851954708025_n-1-230x173.jpg 230w, https:\/\/www.instatec.fi\/wp-content\/uploads\/2020\/11\/12143180_959775564068613_3923625851954708025_n-1-350x263.jpg 350w, https:\/\/www.instatec.fi\/wp-content\/uploads\/2020\/11\/12143180_959775564068613_3923625851954708025_n-1-480x360.jpg 480w\" sizes=\"(max-width: 960px) 100vw, 960px\" \/><\/div><\/div><div id=\"panel-4977-1-1-1\" class=\"so-panel widget widget_sydney_action sydney_action_widget panel-last-child\" data-index=\"2\" ><div style=\"text-align: left;\" data-title-color=\"#443f3f\" data-headings-color=\"#443f3f\" class=\"panel-widget-style panel-widget-style-for-4977-1-1-1\" >        <div class=\"roll-promobox \">\r\n\t\t\t<div class=\"promo-wrap\">\r\n\t\t\t\t\t\t\t\t<div class=\"promo-controls\">\r\n\t\t\t\t\t<a href=\"https:\/\/www.instatec.fi\/index.php\/etusivu\/yhteystiedot\/\" class=\"roll-button border\">Kysy lis\u00e4\u00e4!<\/a>\r\n\t\t\t\t<\/div>\r\n\t\t\t<\/div>\r\n        <\/div>\r\n\t<\/div><\/div><\/div><\/div><\/div><\/div>","protected":false},"excerpt":{"rendered":"<p>Sis\u00e4ilmatutkimukset \u2013 p\u00e4\u00e4t\u00f6ksenteon ja korjausten tueksi Sis\u00e4ilmatutkimusten tarkoituksena on tuottaa luotettava ja kokonaisvaltainen tilannekuva rakennuksen sis\u00e4ilman laatuun vaikuttavista tekij\u00f6ist\u00e4. Tutkimusten avulla tunnistetaan mahdolliset sis\u00e4ilmaongelmien syyt ja luodaan teknisesti perusteltu l\u00e4ht\u00f6kohta jatkotoimenpiteille, kuten korjaussuunnittelulle ja investointip\u00e4\u00e4t\u00f6ksille. Tutkimukset toteutetaan vaiheittain ja kohdekohtaisesti. Ne perustuvat rakennuksen taustatietoihin, asiantuntijahavaintoihin, rakenteellisiin selvityksiin sek\u00e4 tarvittaessa mittauksiin ja n\u00e4ytteenottoihin. L\u00e4hestymistavan tavoitteena on [&hellip;]<\/p>\n","protected":false},"author":1,"featured_media":5008,"parent":4439,"menu_order":0,"comment_status":"closed","ping_status":"closed","template":"page-templates\/page_single-header-wide.php","meta":[],"yoast_head":"<!-- This site is optimized with the Yoast SEO plugin v19.6.1 - https:\/\/yoast.com\/wordpress\/plugins\/seo\/ -->\n<title>Sis\u00e4ilmatutkimukset &mdash; Instatec Oy<\/title>\n<meta name=\"description\" content=\"Rakentamisen haasteet on tehty ratkaistavaksi. Instatecista saat avun erikoisrakentamiseen, p\u00f6lynhallintaan tai tuotekehitykseen liittyen.\" \/>\n<meta name=\"robots\" content=\"index, follow, max-snippet:-1, max-image-preview:large, max-video-preview:-1\" \/>\n<link rel=\"canonical\" href=\"https:\/\/www.instatec.fi\/index.php\/etusivu\/rakentamisen-tukipalvelut\/sisailmatutkimukset\/\" \/>\n<meta property=\"og:locale\" content=\"fi_FI\" \/>\n<meta property=\"og:type\" content=\"article\" \/>\n<meta property=\"og:title\" content=\"Sis\u00e4ilmatutkimukset &mdash; Instatec Oy\" \/>\n<meta property=\"og:description\" content=\"Rakentamisen haasteet on tehty ratkaistavaksi. Instatecista saat avun erikoisrakentamiseen, p\u00f6lynhallintaan tai tuotekehitykseen liittyen.\" \/>\n<meta property=\"og:url\" content=\"https:\/\/www.instatec.fi\/index.php\/etusivu\/rakentamisen-tukipalvelut\/sisailmatutkimukset\/\" \/>\n<meta property=\"og:site_name\" content=\"Instatec Oy\" \/>\n<meta property=\"article:publisher\" content=\"https:\/\/www.facebook.com\/instatecoy\" \/>\n<meta property=\"article:modified_time\" content=\"2026-01-18T09:22:34+00:00\" \/>\n<meta property=\"og:image\" content=\"https:\/\/www.instatec.fi\/wp-content\/uploads\/2020\/11\/603636_526336510745856_652626028_n-1.jpg\" \/>\n\t<meta property=\"og:image:width\" content=\"716\" \/>\n\t<meta property=\"og:image:height\" content=\"960\" \/>\n\t<meta property=\"og:image:type\" content=\"image\/jpeg\" \/>\n<meta name=\"twitter:card\" content=\"summary_large_image\" \/>\n<meta name=\"twitter:site\" content=\"@instatec_oy\" \/>\n<meta name=\"twitter:label1\" content=\"Arvioitu lukuaika\" \/>\n\t<meta name=\"twitter:data1\" content=\"1 minuutti\" \/>\n<script type=\"application\/ld+json\" class=\"yoast-schema-graph\">{\"@context\":\"https:\/\/schema.org\",\"@graph\":[{\"@type\":\"WebPage\",\"@id\":\"https:\/\/www.instatec.fi\/index.php\/etusivu\/rakentamisen-tukipalvelut\/sisailmatutkimukset\/\",\"url\":\"https:\/\/www.instatec.fi\/index.php\/etusivu\/rakentamisen-tukipalvelut\/sisailmatutkimukset\/\",\"name\":\"Sis\u00e4ilmatutkimukset &mdash; Instatec Oy\",\"isPartOf\":{\"@id\":\"https:\/\/www.instatec.fi\/#website\"},\"datePublished\":\"2020-11-06T18:48:26+00:00\",\"dateModified\":\"2026-01-18T09:22:34+00:00\",\"description\":\"Rakentamisen haasteet on tehty ratkaistavaksi. Instatecista saat avun erikoisrakentamiseen, p\u00f6lynhallintaan tai tuotekehitykseen liittyen.\",\"breadcrumb\":{\"@id\":\"https:\/\/www.instatec.fi\/index.php\/etusivu\/rakentamisen-tukipalvelut\/sisailmatutkimukset\/#breadcrumb\"},\"inLanguage\":\"fi\",\"potentialAction\":[{\"@type\":\"ReadAction\",\"target\":[\"https:\/\/www.instatec.fi\/index.php\/etusivu\/rakentamisen-tukipalvelut\/sisailmatutkimukset\/\"]}]},{\"@type\":\"BreadcrumbList\",\"@id\":\"https:\/\/www.instatec.fi\/index.php\/etusivu\/rakentamisen-tukipalvelut\/sisailmatutkimukset\/#breadcrumb\",\"itemListElement\":[{\"@type\":\"ListItem\",\"position\":1,\"name\":\"Etusivu\",\"item\":\"https:\/\/www.instatec.fi\/\"},{\"@type\":\"ListItem\",\"position\":2,\"name\":\"Etusivu\",\"item\":\"https:\/\/www.instatec.fi\/\"},{\"@type\":\"ListItem\",\"position\":3,\"name\":\"Palvelut\",\"item\":\"https:\/\/www.instatec.fi\/index.php\/etusivu\/rakentamisen-tukipalvelut\/\"},{\"@type\":\"ListItem\",\"position\":4,\"name\":\"Sis\u00e4ilmatutkimukset\"}]},{\"@type\":\"WebSite\",\"@id\":\"https:\/\/www.instatec.fi\/#website\",\"url\":\"https:\/\/www.instatec.fi\/\",\"name\":\"Instatec Oy\",\"description\":\"Rakentamisen tukipalvelut\",\"publisher\":{\"@id\":\"https:\/\/www.instatec.fi\/#organization\"},\"potentialAction\":[{\"@type\":\"SearchAction\",\"target\":{\"@type\":\"EntryPoint\",\"urlTemplate\":\"https:\/\/www.instatec.fi\/?s={search_term_string}\"},\"query-input\":\"required name=search_term_string\"}],\"inLanguage\":\"fi\"},{\"@type\":\"Organization\",\"@id\":\"https:\/\/www.instatec.fi\/#organization\",\"name\":\"Instatec Oy\",\"url\":\"https:\/\/www.instatec.fi\/\",\"sameAs\":[\"https:\/\/www.instagram.com\/instatec_oy\/\",\"https:\/\/www.linkedin.com\/company\/instatec-oy\/?viewAsMember=true\",\"https:\/\/www.facebook.com\/instatecoy\",\"https:\/\/twitter.com\/instatec_oy\"],\"logo\":{\"@type\":\"ImageObject\",\"inLanguage\":\"fi\",\"@id\":\"https:\/\/www.instatec.fi\/#\/schema\/logo\/image\/\",\"url\":\"https:\/\/www.instatec.fi\/wp-content\/uploads\/2020\/10\/Instatec_suomi.png\",\"contentUrl\":\"https:\/\/www.instatec.fi\/wp-content\/uploads\/2020\/10\/Instatec_suomi.png\",\"width\":874,\"height\":165,\"caption\":\"Instatec Oy\"},\"image\":{\"@id\":\"https:\/\/www.instatec.fi\/#\/schema\/logo\/image\/\"}}]}<\/script>\n<!-- \/ Yoast SEO plugin. -->","yoast_head_json":{"title":"Sis\u00e4ilmatutkimukset &mdash; Instatec Oy","description":"Rakentamisen haasteet on tehty ratkaistavaksi. Instatecista saat avun erikoisrakentamiseen, p\u00f6lynhallintaan tai tuotekehitykseen liittyen.","robots":{"index":"index","follow":"follow","max-snippet":"max-snippet:-1","max-image-preview":"max-image-preview:large","max-video-preview":"max-video-preview:-1"},"canonical":"https:\/\/www.instatec.fi\/index.php\/etusivu\/rakentamisen-tukipalvelut\/sisailmatutkimukset\/","og_locale":"fi_FI","og_type":"article","og_title":"Sis\u00e4ilmatutkimukset &mdash; Instatec Oy","og_description":"Rakentamisen haasteet on tehty ratkaistavaksi. Instatecista saat avun erikoisrakentamiseen, p\u00f6lynhallintaan tai tuotekehitykseen liittyen.","og_url":"https:\/\/www.instatec.fi\/index.php\/etusivu\/rakentamisen-tukipalvelut\/sisailmatutkimukset\/","og_site_name":"Instatec Oy","article_publisher":"https:\/\/www.facebook.com\/instatecoy","article_modified_time":"2026-01-18T09:22:34+00:00","og_image":[{"width":716,"height":960,"url":"https:\/\/www.instatec.fi\/wp-content\/uploads\/2020\/11\/603636_526336510745856_652626028_n-1.jpg","type":"image\/jpeg"}],"twitter_card":"summary_large_image","twitter_site":"@instatec_oy","twitter_misc":{"Arvioitu lukuaika":"1 minuutti"},"schema":{"@context":"https:\/\/schema.org","@graph":[{"@type":"WebPage","@id":"https:\/\/www.instatec.fi\/index.php\/etusivu\/rakentamisen-tukipalvelut\/sisailmatutkimukset\/","url":"https:\/\/www.instatec.fi\/index.php\/etusivu\/rakentamisen-tukipalvelut\/sisailmatutkimukset\/","name":"Sis\u00e4ilmatutkimukset &mdash; Instatec Oy","isPartOf":{"@id":"https:\/\/www.instatec.fi\/#website"},"datePublished":"2020-11-06T18:48:26+00:00","dateModified":"2026-01-18T09:22:34+00:00","description":"Rakentamisen haasteet on tehty ratkaistavaksi. Instatecista saat avun erikoisrakentamiseen, p\u00f6lynhallintaan tai tuotekehitykseen liittyen.","breadcrumb":{"@id":"https:\/\/www.instatec.fi\/index.php\/etusivu\/rakentamisen-tukipalvelut\/sisailmatutkimukset\/#breadcrumb"},"inLanguage":"fi","potentialAction":[{"@type":"ReadAction","target":["https:\/\/www.instatec.fi\/index.php\/etusivu\/rakentamisen-tukipalvelut\/sisailmatutkimukset\/"]}]},{"@type":"BreadcrumbList","@id":"https:\/\/www.instatec.fi\/index.php\/etusivu\/rakentamisen-tukipalvelut\/sisailmatutkimukset\/#breadcrumb","itemListElement":[{"@type":"ListItem","position":1,"name":"Etusivu","item":"https:\/\/www.instatec.fi\/"},{"@type":"ListItem","position":2,"name":"Etusivu","item":"https:\/\/www.instatec.fi\/"},{"@type":"ListItem","position":3,"name":"Palvelut","item":"https:\/\/www.instatec.fi\/index.php\/etusivu\/rakentamisen-tukipalvelut\/"},{"@type":"ListItem","position":4,"name":"Sis\u00e4ilmatutkimukset"}]},{"@type":"WebSite","@id":"https:\/\/www.instatec.fi\/#website","url":"https:\/\/www.instatec.fi\/","name":"Instatec Oy","description":"Rakentamisen tukipalvelut","publisher":{"@id":"https:\/\/www.instatec.fi\/#organization"},"potentialAction":[{"@type":"SearchAction","target":{"@type":"EntryPoint","urlTemplate":"https:\/\/www.instatec.fi\/?s={search_term_string}"},"query-input":"required name=search_term_string"}],"inLanguage":"fi"},{"@type":"Organization","@id":"https:\/\/www.instatec.fi\/#organization","name":"Instatec Oy","url":"https:\/\/www.instatec.fi\/","sameAs":["https:\/\/www.instagram.com\/instatec_oy\/","https:\/\/www.linkedin.com\/company\/instatec-oy\/?viewAsMember=true","https:\/\/www.facebook.com\/instatecoy","https:\/\/twitter.com\/instatec_oy"],"logo":{"@type":"ImageObject","inLanguage":"fi","@id":"https:\/\/www.instatec.fi\/#\/schema\/logo\/image\/","url":"https:\/\/www.instatec.fi\/wp-content\/uploads\/2020\/10\/Instatec_suomi.png","contentUrl":"https:\/\/www.instatec.fi\/wp-content\/uploads\/2020\/10\/Instatec_suomi.png","width":874,"height":165,"caption":"Instatec Oy"},"image":{"@id":"https:\/\/www.instatec.fi\/#\/schema\/logo\/image\/"}}]}},"_links":{"self":[{"href":"https:\/\/www.instatec.fi\/index.php\/wp-json\/wp\/v2\/pages\/4977"}],"collection":[{"href":"https:\/\/www.instatec.fi\/index.php\/wp-json\/wp\/v2\/pages"}],"about":[{"href":"https:\/\/www.instatec.fi\/index.php\/wp-json\/wp\/v2\/types\/page"}],"author":[{"embeddable":true,"href":"https:\/\/www.instatec.fi\/index.php\/wp-json\/wp\/v2\/users\/1"}],"replies":[{"embeddable":true,"href":"https:\/\/www.instatec.fi\/index.php\/wp-json\/wp\/v2\/comments?post=4977"}],"version-history":[{"count":54,"href":"https:\/\/www.instatec.fi\/index.php\/wp-json\/wp\/v2\/pages\/4977\/revisions"}],"predecessor-version":[{"id":5573,"href":"https:\/\/www.instatec.fi\/index.php\/wp-json\/wp\/v2\/pages\/4977\/revisions\/5573"}],"up":[{"embeddable":true,"href":"https:\/\/www.instatec.fi\/index.php\/wp-json\/wp\/v2\/pages\/4439"}],"wp:featuredmedia":[{"embeddable":true,"href":"https:\/\/www.instatec.fi\/index.php\/wp-json\/wp\/v2\/media\/5008"}],"wp:attachment":[{"href":"https:\/\/www.instatec.fi\/index.php\/wp-json\/wp\/v2\/media?parent=4977"}],"curies":[{"name":"wp","href":"https:\/\/api.w.org\/{rel}","templated":true}]}}